{"id":2,"date":"2024-11-17T14:17:04","date_gmt":"2024-11-17T14:17:04","guid":{"rendered":"https:\/\/finder-akademie.de\/cannabis-schule-praevention\/?page_id=2"},"modified":"2025-02-13T11:01:46","modified_gmt":"2025-02-13T10:01:46","slug":"fachtagung-cannabispraevention-in-schulen-information-vermittlung-und-vernetzung","status":"publish","type":"page","link":"https:\/\/cannabis-leitfaden.schule\/","title":{"rendered":"\u00dcbersicht"},"content":{"rendered":"<p><div class=\"fusion-fullwidth fullwidth-box fusion-builder-row-1 fusion-flex-container has-pattern-background has-mask-background nonhundred-percent-fullwidth non-hundred-percent-height-scrolling\" style=\"--awb-border-radius-top-left:15px;--awb-border-radius-top-right:15px;--awb-border-radius-bottom-right:15px;--awb-border-radius-bottom-left:15px;--awb-overflow:hidden;--awb-padding-top:40px;--awb-padding-right:40px;--awb-padding-bottom:40px;--awb-padding-left:40px;--awb-padding-right-small:25px;--awb-padding-left-small:25px;--awb-min-height:300px;--awb-min-height-small:250px;--awb-background-color:var(--awb-color4);--awb-flex-wrap:wrap;\" ><div class=\"fusion-builder-row fusion-row fusion-flex-align-items-flex-start fusion-flex-align-content-center fusion-flex-content-wrap\" style=\"max-width:1456px;margin-left: calc(-4% \/ 2 );margin-right: calc(-4% \/ 2 );\"><div class=\"fusion-layout-column fusion_builder_column fusion-builder-column-0 fusion_builder_column_1_1 1_1 fusion-flex-column fusion-flex-align-self-flex-end\" style=\"--awb-bg-size:cover;--awb-width-large:100%;--awb-margin-top-large:0px;--awb-spacing-right-large:1.92%;--awb-margin-bottom-large:0px;--awb-spacing-left-large:1.92%;--awb-width-medium:100%;--awb-order-medium:0;--awb-spacing-right-medium:1.92%;--awb-spacing-left-medium:1.92%;--awb-width-small:100%;--awb-order-small:0;--awb-spacing-right-small:1.92%;--awb-margin-bottom-small:0;--awb-spacing-left-small:1.92%;\"><div class=\"fusion-column-wrapper fusion-column-has-shadow fusion-flex-justify-content-flex-start fusion-content-layout-column\"><div class=\"fusion-title title fusion-title-1 fusion-sep-none fusion-title-text fusion-title-size-one\" style=\"--awb-text-color:var(--awb-color1);--awb-margin-bottom:5px;--awb-margin-top-small:10px;--awb-margin-right-small:0px;--awb-margin-bottom-small:10px;--awb-margin-left-small:0px;\"><h1 class=\"fusion-title-heading title-heading-left\" style=\"margin:0;\">Cannabispr\u00e4vention in Schulen<\/h1><\/div><div class=\"fusion-text fusion-text-1 fusion-no-small-visibility fusion-text-no-margin\" style=\"--awb-text-color:var(--awb-color1);--awb-margin-bottom:0px;\"><p>Fachtagung, 07. November 2024, Berlin<\/p>\n<\/div><div class=\"fusion-text fusion-text-2 fusion-no-medium-visibility fusion-no-large-visibility fusion-text-no-margin\" style=\"--awb-text-color:var(--awb-color1);--awb-margin-bottom:0px;\"><p>Tagungsdokumentation<br \/>\n07. November 2024, Berlin<\/p>\n<\/div><\/div><\/div><\/div><\/div><div class=\"fusion-fullwidth fullwidth-box fusion-builder-row-2 fusion-flex-container has-pattern-background has-mask-background nonhundred-percent-fullwidth non-hundred-percent-height-scrolling\" style=\"--awb-border-radius-top-left:0px;--awb-border-radius-top-right:0px;--awb-border-radius-bottom-right:0px;--awb-border-radius-bottom-left:0px;--awb-margin-top:0px;--awb-margin-top-small:30px;--awb-flex-wrap:wrap;\" ><div class=\"fusion-builder-row fusion-row fusion-flex-align-items-flex-start fusion-flex-justify-content-center fusion-flex-content-wrap\" style=\"max-width:1456px;margin-left: calc(-4% \/ 2 );margin-right: calc(-4% \/ 2 );\"><div class=\"fusion-layout-column fusion_builder_column fusion-builder-column-1 fusion_builder_column_2_3 2_3 fusion-flex-column\" style=\"--awb-bg-size:cover;--awb-width-large:66.666666666667%;--awb-margin-top-large:35px;--awb-spacing-right-large:2.88%;--awb-margin-bottom-large:15px;--awb-spacing-left-large:2.88%;--awb-width-medium:100%;--awb-order-medium:0;--awb-spacing-right-medium:1.92%;--awb-spacing-left-medium:1.92%;--awb-width-small:100%;--awb-order-small:0;--awb-margin-top-small:0;--awb-spacing-right-small:1.92%;--awb-spacing-left-small:1.92%;\"><div class=\"fusion-column-wrapper fusion-column-has-shadow fusion-flex-justify-content-flex-start fusion-content-layout-column\"><div class=\"fusion-text fusion-text-3 fusion-text-no-margin\" style=\"--awb-margin-top:0px;--awb-margin-bottom:0px;\"><div class=\"quote-container\">\n<div class=\"quote-text\">\u201eWir wollen es Schulen so einfach wie m\u00f6glich machen, evidenzbasierte Angebote aufzubauen.&#8220;<\/div>\n<div class=\"quote-author\">Burkhard Blienert<\/div>\n<div class=\"quote-role\">Beauftragter der Bundesregierung f\u00fcr Sucht- und Drogenfragen<\/div>\n<\/div>\n<\/div><\/div><\/div><div class=\"fusion-layout-column fusion_builder_column fusion-builder-column-2 fusion_builder_column_2_3 2_3 fusion-flex-column\" style=\"--awb-bg-size:cover;--awb-width-large:66.666666666667%;--awb-margin-top-large:0px;--awb-spacing-right-large:2.88%;--awb-margin-bottom-large:0px;--awb-spacing-left-large:2.88%;--awb-width-medium:100%;--awb-order-medium:0;--awb-spacing-right-medium:1.92%;--awb-spacing-left-medium:1.92%;--awb-width-small:100%;--awb-order-small:0;--awb-spacing-right-small:1.92%;--awb-spacing-left-small:1.92%;\"><div class=\"fusion-column-wrapper fusion-column-has-shadow fusion-flex-justify-content-flex-start fusion-content-layout-column\"><div class=\"fusion-video fusion-selfhosted-video youtube-radius\" style=\"margin-bottom:30px;max-width:100%;\"><div class=\"video-wrapper\"><video playsinline=\"true\" width=\"100%\" style=\"object-fit: cover;\" preload=\"auto\" controls=\"1\"><source src=\"https:\/\/cannabis-leitfaden.schule\/wp-content\/uploads\/20241121FINDERCANNABIS-BMGAFTERMOVIEV2-1PREVIEW-auf-Vimeo.mp4\" type=\"video\/mp4\">Sorry, your browser doesn&#039;t support embedded videos.<\/video><\/div><\/div><div class=\"fusion-text fusion-text-4 fusion-text-no-margin\" style=\"--awb-margin-top:0px;--awb-margin-bottom:0px;\"><p>Rund 130 Akteure aus Schulen, Pr\u00e4ventionseinrichtungen, Bildungsverwaltungen und Sozialversicherungstr\u00e4gern trafen sich am 07. November 2024 in Berlin, um \u00fcber die Rolle der Schulen im Rahmen der neuen Cannabispolitik zu diskutieren.<\/p>\n<p>Bei der Er\u00f6ffnung der Fachtagung betonte der Drogenbeauftragte der Bundesregierung, Burkhard Blienert, die zentrale Bedeutung der Pr\u00e4vention in der Drogen- und Suchtpolitik. &#8222;Der Ausgangspunkt aller sucht- und drogenpolitischen \u00dcberlegungen muss sein, wie k\u00f6nnen wir junge Menschen stark machen f\u00fcr das, was auf sie zukommt&#8220;, so Blienert.<\/p>\n<p>Die Notwendigkeit einer Neuausrichtung der Cannabispolitik begr\u00fcndete er mit den Erfahrungen der Vergangenheit: &#8222;Ein Verbot hat n\u00e4mlich vom Konsum \u00fcberhaupt nicht abgehalten. Die gesundheitlichen und sozialen Probleme mit Cannabis sind in unserer Gesellschaft in den letzten Jahren, Jahrzehnten immer gr\u00f6\u00dfer geworden, trotz eines Verbots.&#8220;<\/p>\n<p>Mit dem Konsumcannabisgesetz sei ein wichtiger Schritt gelungen. &#8222;Wir haben mit der ersten S\u00e4ule etwas erreicht, was uns wichtig war: Eine Regulierung f\u00fcr ein suchtgef\u00e4hrdendes Angebot mit einer strikten Verh\u00e4ltnispr\u00e4vention, Nullwerbung, klaren Bezugsgrenzen, einer engen Produktpalette und gesetzlichen THC-Grenzen.&#8220;<\/p>\n<p>F\u00fcr die schulische Pr\u00e4ventionsarbeit hob Blienert die Bedeutung bestehender Strukturen hervor: &#8222;Es lohnt sich zu schauen, was gibt es \u00fcberhaupt schon? Muss das Rad jetzt neu erfunden werden oder worauf k\u00f6nnen wir aufbauen?&#8220; Dabei sei der Dialog mit den Jugendlichen entscheidend: &#8222;Wenn wir nicht auf Augenh\u00f6he mit Jugendlichen dar\u00fcber reden, was sie wollen, wo ihre Erwartungshaltung ist, dann k\u00f6nnen wir noch so viel reden als Erwachsene, dann erreichen wir sie nicht auf der emotionalen Ebene.&#8220;<\/p>\n<p>Die Tagung, gef\u00f6rdert aus Mitteln der Nationalen Pr\u00e4ventionsinitiative, sollte laut Blienert dazu beitragen, &#8222;gemeinsam dar\u00fcber zu reden: Was sind die neuen Fragen? Was haben wir gelernt? Was ergibt sich jetzt aus dieser neuen Situation?&#8220;<\/p>\n<\/div><div class=\"fusion-title title fusion-title-2 fusion-sep-none fusion-title-text fusion-title-size-three\" style=\"--awb-margin-bottom:0px;--awb-margin-top-small:10px;--awb-margin-right-small:0px;--awb-margin-bottom-small:10px;--awb-margin-left-small:0px;\"><h3 class=\"fusion-title-heading title-heading-left\" style=\"margin:0;\">Ergebnisse<\/h3><\/div><\/div><\/div><\/div><\/div><div class=\"fusion-fullwidth fullwidth-box fusion-builder-row-3 fusion-flex-container has-pattern-background has-mask-background nonhundred-percent-fullwidth non-hundred-percent-height-scrolling\" style=\"--awb-border-radius-top-left:0px;--awb-border-radius-top-right:0px;--awb-border-radius-bottom-right:0px;--awb-border-radius-bottom-left:0px;--awb-margin-top:30px;--awb-margin-bottom:30px;--awb-margin-top-small:15px;--awb-flex-wrap:wrap;\" ><div class=\"fusion-builder-row fusion-row fusion-flex-align-items-flex-start fusion-flex-justify-content-center fusion-flex-content-wrap\" style=\"max-width:1456px;margin-left: calc(-4% \/ 2 );margin-right: calc(-4% \/ 2 );\"><div class=\"fusion-layout-column fusion_builder_column fusion-builder-column-3 fusion_builder_column_1_3 1_3 fusion-flex-column fusion-column-inner-bg-wrapper\" style=\"--awb-padding-top:20px;--awb-padding-right:20px;--awb-padding-bottom:20px;--awb-padding-left:20px;--awb-overflow:hidden;--awb-inner-bg-color:var(--awb-color2);--awb-inner-bg-color-hover:var(--awb-color2);--awb-inner-bg-size:cover;--awb-box-shadow:0px 1px 2px 0px rgba(0,0,0,0.05);;--awb-border-color:#e5e7eb;--awb-border-top:1px;--awb-border-right:1px;--awb-border-bottom:1px;--awb-border-left:1px;--awb-border-style:solid;--awb-border-radius:15px 15px 15px 15px;--awb-inner-bg-border-radius:15px 15px 15px 15px;--awb-inner-bg-overflow:hidden;--awb-width-large:33.333333333333%;--awb-margin-top-large:0px;--awb-spacing-right-large:5.76%;--awb-margin-bottom-large:20px;--awb-spacing-left-large:5.76%;--awb-width-medium:40%;--awb-order-medium:0;--awb-spacing-right-medium:4.8%;--awb-spacing-left-medium:4.8%;--awb-width-small:100%;--awb-order-small:0;--awb-margin-top-small:30;--awb-spacing-right-small:1.92%;--awb-spacing-left-small:1.92%;\"><span class=\"fusion-column-inner-bg hover-type-none\"><a class=\"fusion-column-anchor\" href=\"https:\/\/cannabis-leitfaden.schule\/?page_id=27\"><span class=\"fusion-column-inner-bg-image\"><\/span><\/a><\/span><div class=\"fusion-column-wrapper fusion-column-has-shadow fusion-flex-justify-content-center fusion-content-layout-column\"><div class=\"fusion-title title fusion-title-3 fusion-sep-none fusion-title-center fusion-title-text fusion-title-size-six\" style=\"--awb-margin-top:7px;--awb-margin-bottom:7px;--awb-margin-top-small:10px;--awb-margin-right-small:0px;--awb-margin-bottom-small:0px;--awb-margin-left-small:0px;\"><h6 class=\"fusion-title-heading title-heading-center\" style=\"margin:0;\">Vortr\u00e4ge<\/h6><\/div><\/div><\/div><div class=\"fusion-layout-column fusion_builder_column fusion-builder-column-4 fusion_builder_column_1_3 1_3 fusion-flex-column fusion-column-inner-bg-wrapper\" style=\"--awb-padding-top:20px;--awb-padding-right:20px;--awb-padding-bottom:20px;--awb-padding-left:20px;--awb-overflow:hidden;--awb-inner-bg-color:var(--awb-color2);--awb-inner-bg-color-hover:var(--awb-color2);--awb-inner-bg-size:cover;--awb-box-shadow:0px 1px 2px 0px rgba(0,0,0,0.05);;--awb-border-color:#e5e7eb;--awb-border-top:1px;--awb-border-right:1px;--awb-border-bottom:1px;--awb-border-left:1px;--awb-border-style:solid;--awb-border-radius:15px 15px 15px 15px;--awb-inner-bg-border-radius:15px 15px 15px 15px;--awb-inner-bg-overflow:hidden;--awb-width-large:33.333333333333%;--awb-margin-top-large:0px;--awb-spacing-right-large:5.76%;--awb-margin-bottom-large:20px;--awb-spacing-left-large:5.76%;--awb-width-medium:40%;--awb-order-medium:0;--awb-spacing-right-medium:4.8%;--awb-spacing-left-medium:4.8%;--awb-width-small:100%;--awb-order-small:0;--awb-spacing-right-small:1.92%;--awb-spacing-left-small:1.92%;\"><span class=\"fusion-column-inner-bg hover-type-none\"><a class=\"fusion-column-anchor\" href=\"https:\/\/cannabis-leitfaden.schule\/?page_id=229\"><span class=\"fusion-column-inner-bg-image\"><\/span><\/a><\/span><div class=\"fusion-column-wrapper fusion-column-has-shadow fusion-flex-justify-content-center fusion-content-layout-column\"><div class=\"fusion-title title fusion-title-4 fusion-sep-none fusion-title-center fusion-title-text fusion-title-size-six\" style=\"--awb-margin-top:7px;--awb-margin-bottom:7px;--awb-margin-top-small:10px;--awb-margin-right-small:0px;--awb-margin-bottom-small:0px;--awb-margin-left-small:0px;\"><h6 class=\"fusion-title-heading title-heading-center\" style=\"margin:0;\">Pr\u00e4ventionsleitfaden f\u00fcr Schulen<\/h6><\/div><\/div><\/div><\/div><\/div><\/p>\n","protected":false},"excerpt":{"rendered":"","protected":false},"author":1,"featured_media":0,"parent":0,"menu_order":0,"comment_status":"closed","ping_status":"closed","template":"","meta":{"footnotes":""},"class_list":["post-2","page","type-page","status-publish","hentry"],"_links":{"self":[{"href":"https:\/\/cannabis-leitfaden.schule\/index.php?rest_route=\/wp\/v2\/pages\/2","targetHints":{"allow":["GET"]}}],"collection":[{"href":"https:\/\/cannabis-leitfaden.schule\/index.php?rest_route=\/wp\/v2\/pages"}],"about":[{"href":"https:\/\/cannabis-leitfaden.schule\/index.php?rest_route=\/wp\/v2\/types\/page"}],"author":[{"embeddable":true,"href":"https:\/\/cannabis-leitfaden.schule\/index.php?rest_route=\/wp\/v2\/users\/1"}],"replies":[{"embeddable":true,"href":"https:\/\/cannabis-leitfaden.schule\/index.php?rest_route=%2Fwp%2Fv2%2Fcomments&post=2"}],"version-history":[{"count":90,"href":"https:\/\/cannabis-leitfaden.schule\/index.php?rest_route=\/wp\/v2\/pages\/2\/revisions"}],"predecessor-version":[{"id":839,"href":"https:\/\/cannabis-leitfaden.schule\/index.php?rest_route=\/wp\/v2\/pages\/2\/revisions\/839"}],"wp:attachment":[{"href":"https:\/\/cannabis-leitfaden.schule\/index.php?rest_route=%2Fwp%2Fv2%2Fmedia&parent=2"}],"curies":[{"name":"wp","href":"https:\/\/api.w.org\/{rel}","templated":true}]}}