{"id":229,"date":"2024-11-17T22:54:51","date_gmt":"2024-11-17T21:54:51","guid":{"rendered":"https:\/\/finder-akademie.de\/cannabis-schule-praevention\/?page_id=229"},"modified":"2025-01-26T18:59:33","modified_gmt":"2025-01-26T17:59:33","slug":"cannabispravention-in-schulen-leitfaden-fur-die-praxis","status":"publish","type":"page","link":"https:\/\/cannabis-leitfaden.schule\/?page_id=229","title":{"rendered":"Cannabispr\u00e4vention in Schulen \u2013 Leitfaden f\u00fcr die Praxis"},"content":{"rendered":"<div class=\"fusion-fullwidth fullwidth-box fusion-builder-row-1 fusion-flex-container has-pattern-background has-mask-background nonhundred-percent-fullwidth non-hundred-percent-height-scrolling\" style=\"--awb-border-radius-top-left:0px;--awb-border-radius-top-right:0px;--awb-border-radius-bottom-right:0px;--awb-border-radius-bottom-left:0px;--awb-flex-wrap:wrap;\" ><div class=\"fusion-builder-row fusion-row fusion-flex-align-items-flex-start fusion-flex-justify-content-center fusion-flex-content-wrap\" style=\"max-width:1456px;margin-left: calc(-4% \/ 2 );margin-right: calc(-4% \/ 2 );\"><div class=\"fusion-layout-column fusion_builder_column fusion-builder-column-0 fusion_builder_column_2_3 2_3 fusion-flex-column fusion-flex-align-self-flex-end\" style=\"--awb-bg-size:cover;--awb-width-large:66.666666666667%;--awb-margin-top-large:0px;--awb-spacing-right-large:2.88%;--awb-margin-bottom-large:20px;--awb-spacing-left-large:2.88%;--awb-width-medium:100%;--awb-order-medium:0;--awb-spacing-right-medium:1.92%;--awb-spacing-left-medium:1.92%;--awb-width-small:100%;--awb-order-small:0;--awb-spacing-right-small:1.92%;--awb-spacing-left-small:1.92%;\"><div class=\"fusion-column-wrapper fusion-column-has-shadow fusion-flex-justify-content-flex-start fusion-content-layout-column\"><div class=\"fusion-title title fusion-title-1 fusion-sep-none fusion-title-text fusion-title-size-one\" style=\"--awb-text-color:var(--awb-color8);--awb-margin-bottom:5px;--awb-margin-top-small:10px;--awb-margin-right-small:0px;--awb-margin-bottom-small:10px;--awb-margin-left-small:0px;\" id=\"leitfaden-headline\"><h1 class=\"fusion-title-heading title-heading-left\" style=\"margin:0;\">Cannabispr\u00e4vention in Schulen<\/h1><\/div><div class=\"fusion-text fusion-text-1 fusion-text-no-margin\" style=\"--awb-font-size:24px;--awb-text-color:var(--awb-color8);--awb-margin-top:10px;--awb-margin-bottom:0px;--awb-text-font-family:var(--awb-typography4-font-family);--awb-text-font-weight:var(--awb-typography4-font-weight);--awb-text-font-style:var(--awb-typography4-font-style);\"><p>Leitfaden f\u00fcr die Praxis<\/p>\n<\/div><\/div><\/div><div class=\"fusion-layout-column fusion_builder_column fusion-builder-column-1 fusion_builder_column_2_3 2_3 fusion-flex-column\" style=\"--awb-bg-size:cover;--awb-width-large:66.666666666667%;--awb-margin-top-large:0px;--awb-spacing-right-large:2.88%;--awb-margin-bottom-large:20px;--awb-spacing-left-large:2.88%;--awb-width-medium:100%;--awb-order-medium:0;--awb-spacing-right-medium:1.92%;--awb-spacing-left-medium:1.92%;--awb-width-small:100%;--awb-order-small:0;--awb-spacing-right-small:1.92%;--awb-spacing-left-small:1.92%;\"><div class=\"fusion-column-wrapper fusion-column-has-shadow fusion-flex-justify-content-flex-start fusion-content-layout-column\"><div class=\"fusion-text fusion-text-2\" style=\"--awb-margin-top:20px;\"><p>Die Neuregulierung des Cannabiskonsums durch das Cannabiskonsum-Gesetz (KCanG) markiert einen bedeutsamen Wendepunkt in der schulischen Pr\u00e4ventionsarbeit. Als p\u00e4dagogische Fachkr\u00e4fte stehen Sie vor der Aufgabe, Ihre pr\u00e4ventiven Ans\u00e4tze an diese neue Realit\u00e4t anzupassen. Die gesetzlich verankerte Pflichtaufgabe der schulischen Pr\u00e4vention gewinnt dadurch zus\u00e4tzlich an Bedeutung.<\/p>\n<p>Wissenschaftliche Erkenntnisse zeigen deutlich: Wirksame Pr\u00e4vention basiert nicht prim\u00e4r auf der Vermittlung von Faktenwissen \u00fcber Cannabis. Stattdessen steht die systematische F\u00f6rderung sozialer und emotionaler Kompetenzen im Mittelpunkt, eingebettet in ein sicheres und unterst\u00fctzendes schulisches Umfeld. Dieser entwicklungsf\u00f6rdernde Ansatz wirkt sich nachweislich positiv auf den Bildungserfolg aus und reduziert verschiedene Formen von Problemverhalten.<\/p>\n<p><span style=\"color: var(--awb-text-color); font-family: var(--awb-text-font-family); font-size: var(--awb-font-size); font-style: var(--awb-text-font-style); font-weight: var(--awb-text-font-weight); letter-spacing: var(--awb-letter-spacing); text-align: var(--awb-content-alignment); text-transform: var(--awb-text-transform); background-color: var(--awb-bg-color-hover);\">Der nachfolgende Leitfaden konzentriert sich auf die Cannabispr\u00e4vention als Teil des schulischen Pr\u00e4ventionsauftrags. <\/span><span style=\"color: var(--awb-text-color); font-family: var(--awb-text-font-family); font-size: var(--awb-font-size); font-style: var(--awb-text-font-style); font-weight: var(--awb-text-font-weight); letter-spacing: var(--awb-letter-spacing); text-align: var(--awb-content-alignment); text-transform: var(--awb-text-transform); background-color: var(--awb-bg-color-hover);\">Entscheiden Sie, ob Sie der vorgeschlagenen Struktur folgen oder an einer anderen Stelle &#8222;einsteigen&#8220; m\u00f6chten. W\u00e4hlen Sie hierzu das passende Symbol im Bedienelement.<\/span><\/p>\n<p>Die folgenden Fragen leiten das Vorgehen:<\/p>\n<ul>\n<li>Wie ist Pr\u00e4vention in unser Schulentwicklungskonzept eingebettet?<\/li>\n<li>Welche konkreten Pr\u00e4ventionsbedarfe sehen wir bei unseren Sch\u00fclern?<\/li>\n<li>Welche pr\u00e4ventiven Angebote und Strukturen bestehen bereits?<\/li>\n<li>Wie k\u00f6nnen wir alle Beteiligten (Sch\u00fcler, Lehrkr\u00e4fte, Eltern) einbinden?<\/li>\n<li>Welche wissenschaftlich gepr\u00fcften Programme passen zu unseren Bedarfen?<\/li>\n<li>Welche Unterst\u00fctzung (Beratung, F\u00f6rderung, Kooperationen) k\u00f6nnen wir nutzen?<\/li>\n<\/ul>\n<\/div><div id=\"leitfaden-widget\" class=\"leitfaden-widget\">\n    <div class=\"row\">\n        <div class=\"col-xs-12\">\n            <a href=\"\/?page_id=229\" class=\"leitfaden-widget-closer\" title=\"Leitfaden\">\n                <h6>Leitfaden<\/h6>\n            <\/a>\n        <\/div>\n    <\/div>\n<div class=\"bg\">    \n<div class=\"row\">\n        <div class=\"col-xs-6\">\n            <a href=\"\/?page_id=415\" class=\"\">\n                <div class=\"\">\n                    <div class=\"step-label\">Analyse<\/div>\n                    <span class=\"icon-wrapper icon-step icon-step-bottom-curved\">\n                        <i class=\"fas fa-chart-bar\"><\/i>\n                    <\/span>\n                <\/div>\n            <\/a>\n        <\/div>        \n        <div class=\"col-xs-6\">\n            <a href=\"\/?page_id=421\" class=\"\">\n                <div class=\"\">\n                    <div class=\"step-label\">Planung<\/div>\n                    <span class=\"icon-wrapper icon-step icon-step-left-curved\">\n                        <i class=\"fas fa-sliders-h\"><\/i>\n                    <\/span>\n                <\/div>\n            <\/a>\n        <\/div>\n    <\/div>\n    <div class=\"row\">\n<div class=\"col-xs-6\">\n            <a href=\"\/?page_id=424\" class=\"\">\n                <div class=\"\">\n                    <div class=\"step-label\">Auswertung<\/div>\n                    <span class=\"icon-wrapper icon-step icon-step-right-curved\">\n                        <i class=\"fas fa-check\"><\/i>\n                    <\/span>\n                <\/div>\n            <\/a>\n        <\/div>\n      <div class=\"col-xs-6\">\n            <a href=\"\/?page_id=485\" class=\"\">\n                <div class=\"\">\n                    <div class=\"step-label\">Umsetzung<\/div>\n                    <span class=\"icon-wrapper icon-step icon-step-top-curved\">\n                        <i class=\"fas fa-paper-plane\"><\/i>\n                    <\/span>\n                <\/div>\n            <\/a>\n        <\/div>\n    <\/div>\n<\/div>\n<\/div>\n<script>\nconst styleSheet = document.createElement('style');\nstyleSheet.textContent = `\n  #leitfaden-widget {\n    opacity: 1;\n    transition: all 0.3s ease-out;\n  }\n\n  #leitfaden-widget.hide {\n    opacity: 0;\n    pointer-events: none;\n    visibility: hidden;\n  }\n`;\ndocument.head.appendChild(styleSheet);\n\nfunction isElementPartiallyVisible(el) {\n    const rect = el.getBoundingClientRect();\n    const windowHeight = window.innerHeight || document.documentElement.clientHeight;\n    \n    \/\/ Element is partially visible if:\n    \/\/ - Its top is above the bottom of the viewport AND\n    \/\/ - Its bottom is below the top of the viewport\n    return (\n        rect.top < windowHeight &&\n        rect.bottom > 0\n    );\n}\n\nfunction handleScroll() {\n    const widget1 = document.querySelector('#leitfaden-widget');\n    const widget2 = document.querySelector('#leitfaden-widget-2');\n    \n    if (!widget1 || !widget2) return;\n\n    if (isElementPartiallyVisible(widget2)) {\n        widget1.classList.add('hide');\n    } else {\n        widget1.classList.remove('hide');\n    }\n}\n\nwindow.addEventListener('scroll', handleScroll, { passive: true });\n\nhandleScroll();\n<\/script><\/div><\/div><div class=\"fusion-layout-column fusion_builder_column fusion-builder-column-2 fusion_builder_column_2_3 2_3 fusion-flex-column fusion-flex-align-self-stretch bg\" style=\"--awb-padding-top:80px;--awb-padding-bottom:80px;--awb-overflow:hidden;--awb-bg-color:rgba(242,243,245,0.95);--awb-bg-color-hover:rgba(242,243,245,0.95);--awb-bg-position:center center;--awb-bg-blend:lighten;--awb-bg-size:contain;--awb-box-shadow:0px 0px 11px 0px #0000002d;;--awb-border-radius:15px 15px 15px 15px;--awb-width-large:66.666666666667%;--awb-margin-top-large:0px;--awb-spacing-right-large:2.88%;--awb-margin-bottom-large:20px;--awb-spacing-left-large:2.88%;--awb-width-medium:50%;--awb-order-medium:0;--awb-spacing-right-medium:3.84%;--awb-spacing-left-medium:3.84%;--awb-width-small:100%;--awb-order-small:0;--awb-spacing-right-small:1.92%;--awb-spacing-left-small:1.92%;\" id=\"leitfaden-widget-2\" data-scroll-devices=\"small-visibility,medium-visibility,large-visibility\"><div class=\"fusion-column-wrapper lazyload fusion-column-has-shadow fusion-flex-justify-content-space-between fusion-content-layout-column fusion-column-has-bg-image\" data-bg-url=\"https:\/\/cannabis-leitfaden.schule\/wp-content\/uploads\/pfeil.svg\" data-bg=\"https:\/\/cannabis-leitfaden.schule\/wp-content\/uploads\/pfeil.svg\"><div class=\"fusion-builder-row fusion-builder-row-inner fusion-row fusion-flex-align-items-flex-start fusion-flex-justify-content-center fusion-flex-content-wrap\" style=\"--awb-flex-grow:0;--awb-flex-grow-medium:0;--awb-flex-grow-small:0;--awb-flex-shrink:0;--awb-flex-shrink-medium:0;--awb-flex-shrink-small:0;width:104% !important;max-width:104% !important;margin-left: calc(-4% \/ 2 );margin-right: calc(-4% \/ 2 );\"><div class=\"fusion-layout-column fusion_builder_column_inner fusion-builder-nested-column-0 fusion_builder_column_inner_1_1 1_1 fusion-flex-column\" style=\"--awb-bg-size:cover;--awb-width-large:100%;--awb-margin-top-large:0px;--awb-spacing-right-large:1.92%;--awb-margin-bottom-large:20px;--awb-spacing-left-large:1.92%;--awb-width-medium:100%;--awb-order-medium:0;--awb-spacing-right-medium:1.92%;--awb-spacing-left-medium:1.92%;--awb-width-small:100%;--awb-order-small:0;--awb-spacing-right-small:1.92%;--awb-spacing-left-small:1.92%;\"><div class=\"fusion-column-wrapper fusion-column-has-shadow fusion-flex-justify-content-flex-start fusion-content-layout-column\"><div class=\"fusion-title title fusion-title-2 fusion-sep-none fusion-title-center fusion-title-text fusion-title-size-four\" style=\"--awb-margin-top-small:10px;--awb-margin-right-small:0px;--awb-margin-bottom-small:10px;--awb-margin-left-small:0px;\"><h4 class=\"fusion-title-heading title-heading-center\" style=\"margin:0;\">Leitfaden<\/h4><\/div><\/div><\/div><div class=\"fusion-layout-column fusion_builder_column_inner fusion-builder-nested-column-1 fusion_builder_column_inner_2_5 2_5 fusion-flex-column fusion-flex-align-self-center fusion-column-inner-bg-wrapper\" style=\"--awb-inner-bg-size:cover;--awb-width-large:40%;--awb-margin-top-large:0px;--awb-spacing-right-large:4.8%;--awb-margin-bottom-large:40px;--awb-spacing-left-large:4.8%;--awb-width-medium:40%;--awb-order-medium:0;--awb-spacing-right-medium:4.8%;--awb-spacing-left-medium:4.8%;--awb-width-small:50%;--awb-order-small:0;--awb-spacing-right-small:3.84%;--awb-spacing-left-small:3.84%;\"><span class=\"fusion-column-inner-bg hover-type-none\"><a class=\"fusion-column-anchor\" href=\"https:\/\/cannabis-leitfaden.schule\/?page_id=415\"><span class=\"fusion-column-inner-bg-image\"><\/span><\/a><\/span><div class=\"fusion-column-wrapper fusion-column-has-shadow fusion-flex-justify-content-center fusion-content-layout-column\"><div class=\"fusion-title title fusion-title-3 fusion-sep-none fusion-title-center fusion-title-text fusion-title-size-five\" style=\"--awb-margin-bottom:10px;--awb-margin-top-small:10px;--awb-margin-right-small:0px;--awb-margin-bottom-small:10px;--awb-margin-left-small:0px;\"><h5 class=\"fusion-title-heading title-heading-center\" style=\"margin:0;\">I Analyse<\/h5><\/div><a class=\"fb-icon-element-1 fb-icon-element fontawesome-icon fa-chart-bar fas circle-no fusion-link\" style=\"--awb-iconcolor:#3581cb;--awb-iconcolor-hover:#3581cb;--awb-font-size:32px;--awb-margin-top:0;--awb-margin-right:0;--awb-margin-bottom:0;--awb-margin-left:0;--awb-align-self:center;\" href=\"https:\/\/cannabis-leitfaden.schule\/?page_id=415\" target=\"_self\" aria-label=\"Link to https:\/\/cannabis-leitfaden.schule\/?page_id=415\"><\/a><\/div><\/div><div class=\"fusion-layout-column fusion_builder_column_inner fusion-builder-nested-column-2 fusion_builder_column_inner_2_5 2_5 fusion-flex-column fusion-flex-align-self-center fusion-column-inner-bg-wrapper\" style=\"--awb-inner-bg-size:cover;--awb-width-large:40%;--awb-margin-top-large:0px;--awb-spacing-right-large:4.8%;--awb-margin-bottom-large:40px;--awb-spacing-left-large:4.8%;--awb-width-medium:40%;--awb-order-medium:0;--awb-spacing-right-medium:4.8%;--awb-spacing-left-medium:4.8%;--awb-width-small:50%;--awb-order-small:0;--awb-spacing-right-small:3.84%;--awb-spacing-left-small:3.84%;\"><span class=\"fusion-column-inner-bg hover-type-none\"><a class=\"fusion-column-anchor\" href=\"https:\/\/cannabis-leitfaden.schule\/?page_id=421\"><span class=\"fusion-column-inner-bg-image\"><\/span><\/a><\/span><div class=\"fusion-column-wrapper fusion-column-has-shadow fusion-flex-justify-content-center fusion-content-layout-column\"><div class=\"fusion-title title fusion-title-4 fusion-sep-none fusion-title-center fusion-title-text fusion-title-size-five\" style=\"--awb-margin-bottom:10px;--awb-margin-top-small:10px;--awb-margin-right-small:0px;--awb-margin-bottom-small:10px;--awb-margin-left-small:0px;\"><h5 class=\"fusion-title-heading title-heading-center\" style=\"margin:0;\">II<\/p>\n<p>Planung<\/p><\/h5><\/div><a class=\"fb-icon-element-2 fb-icon-element fontawesome-icon fa-sliders-h fas circle-no fusion-link\" style=\"--awb-iconcolor:#73c4ee;--awb-iconcolor-hover:#3581cb;--awb-font-size:32px;--awb-margin-top:0;--awb-margin-right:0;--awb-margin-bottom:0;--awb-margin-left:0;--awb-align-self:center;\" href=\"https:\/\/cannabis-leitfaden.schule\/?page_id=421\" target=\"_self\" aria-label=\"Link to https:\/\/cannabis-leitfaden.schule\/?page_id=421\"><\/a><\/div><\/div><div class=\"fusion-layout-column fusion_builder_column_inner fusion-builder-nested-column-3 fusion_builder_column_inner_2_5 2_5 fusion-flex-column fusion-flex-align-self-center fusion-column-inner-bg-wrapper\" style=\"--awb-inner-bg-size:cover;--awb-width-large:40%;--awb-margin-top-large:0px;--awb-spacing-right-large:4.8%;--awb-margin-bottom-large:0px;--awb-spacing-left-large:4.8%;--awb-width-medium:40%;--awb-order-medium:0;--awb-spacing-right-medium:4.8%;--awb-spacing-left-medium:4.8%;--awb-width-small:50%;--awb-order-small:0;--awb-spacing-right-small:3.84%;--awb-spacing-left-small:3.84%;\"><span class=\"fusion-column-inner-bg hover-type-none\"><a class=\"fusion-column-anchor\" href=\"https:\/\/cannabis-leitfaden.schule\/?page_id=424\"><span class=\"fusion-column-inner-bg-image\"><\/span><\/a><\/span><div class=\"fusion-column-wrapper fusion-column-has-shadow fusion-flex-justify-content-center fusion-content-layout-column\"><div class=\"fusion-title title fusion-title-5 fusion-sep-none fusion-title-center fusion-title-text fusion-title-size-five\" style=\"--awb-margin-bottom:10px;--awb-margin-top-small:10px;--awb-margin-right-small:0px;--awb-margin-bottom-small:10px;--awb-margin-left-small:0px;\"><h5 class=\"fusion-title-heading title-heading-center\" style=\"margin:0;\">IV Auswertung<\/h5><\/div><a class=\"fb-icon-element-3 fb-icon-element fontawesome-icon fa-check fas circle-no fusion-link\" style=\"--awb-iconcolor:#318a2f;--awb-iconcolor-hover:#3581cb;--awb-font-size:32px;--awb-margin-top:0;--awb-margin-right:0;--awb-margin-bottom:0;--awb-margin-left:0;--awb-align-self:center;\" href=\"https:\/\/cannabis-leitfaden.schule\/?page_id=421\" target=\"_self\" aria-label=\"Link to https:\/\/cannabis-leitfaden.schule\/?page_id=421\"><\/a><\/div><\/div><div class=\"fusion-layout-column fusion_builder_column_inner fusion-builder-nested-column-4 fusion_builder_column_inner_2_5 2_5 fusion-flex-column fusion-flex-align-self-center fusion-column-inner-bg-wrapper\" style=\"--awb-inner-bg-size:cover;--awb-width-large:40%;--awb-margin-top-large:0px;--awb-spacing-right-large:4.8%;--awb-margin-bottom-large:0px;--awb-spacing-left-large:4.8%;--awb-width-medium:40%;--awb-order-medium:0;--awb-spacing-right-medium:4.8%;--awb-spacing-left-medium:4.8%;--awb-width-small:50%;--awb-order-small:0;--awb-spacing-right-small:3.84%;--awb-spacing-left-small:3.84%;\"><span class=\"fusion-column-inner-bg hover-type-none\"><a class=\"fusion-column-anchor\" href=\"https:\/\/cannabis-leitfaden.schule\/?page_id=485\"><span class=\"fusion-column-inner-bg-image\"><\/span><\/a><\/span><div class=\"fusion-column-wrapper fusion-column-has-shadow fusion-flex-justify-content-center fusion-content-layout-column\"><div class=\"fusion-title title fusion-title-6 fusion-sep-none fusion-title-center fusion-title-text fusion-title-size-five\" style=\"--awb-margin-bottom:10px;--awb-margin-top-small:10px;--awb-margin-right-small:0px;--awb-margin-bottom-small:10px;--awb-margin-left-small:0px;\"><h5 class=\"fusion-title-heading title-heading-center\" style=\"margin:0;\">III Umsetzung<\/h5><\/div><a class=\"fb-icon-element-4 fb-icon-element fontawesome-icon fa-paper-plane fas circle-no fusion-link\" style=\"--awb-iconcolor:#f8c700;--awb-iconcolor-hover:#3581cb;--awb-font-size:32px;--awb-margin-top:0;--awb-margin-right:0;--awb-margin-bottom:0;--awb-margin-left:0;--awb-align-self:center;\" href=\"https:\/\/cannabis-leitfaden.schule\/?page_id=421\" target=\"_self\" aria-label=\"Link to https:\/\/cannabis-leitfaden.schule\/?page_id=421\"><\/a><\/div><\/div><\/div><\/div><\/div><\/div><\/div>\n","protected":false},"excerpt":{"rendered":"","protected":false},"author":1,"featured_media":0,"parent":0,"menu_order":0,"comment_status":"closed","ping_status":"closed","template":"100-width.php","meta":{"footnotes":""},"class_list":["post-229","page","type-page","status-publish","hentry"],"_links":{"self":[{"href":"https:\/\/cannabis-leitfaden.schule\/index.php?rest_route=\/wp\/v2\/pages\/229","targetHints":{"allow":["GET"]}}],"collection":[{"href":"https:\/\/cannabis-leitfaden.schule\/index.php?rest_route=\/wp\/v2\/pages"}],"about":[{"href":"https:\/\/cannabis-leitfaden.schule\/index.php?rest_route=\/wp\/v2\/types\/page"}],"author":[{"embeddable":true,"href":"https:\/\/cannabis-leitfaden.schule\/index.php?rest_route=\/wp\/v2\/users\/1"}],"replies":[{"embeddable":true,"href":"https:\/\/cannabis-leitfaden.schule\/index.php?rest_route=%2Fwp%2Fv2%2Fcomments&post=229"}],"version-history":[{"count":183,"href":"https:\/\/cannabis-leitfaden.schule\/index.php?rest_route=\/wp\/v2\/pages\/229\/revisions"}],"predecessor-version":[{"id":820,"href":"https:\/\/cannabis-leitfaden.schule\/index.php?rest_route=\/wp\/v2\/pages\/229\/revisions\/820"}],"wp:attachment":[{"href":"https:\/\/cannabis-leitfaden.schule\/index.php?rest_route=%2Fwp%2Fv2%2Fmedia&parent=229"}],"curies":[{"name":"wp","href":"https:\/\/api.w.org\/{rel}","templated":true}]}}