{"id":3,"date":"2024-11-17T14:17:04","date_gmt":"2024-11-17T14:17:04","guid":{"rendered":"https:\/\/finder-akademie.de\/cannabis-schule-praevention\/?page_id=3"},"modified":"2025-01-26T13:25:26","modified_gmt":"2025-01-26T12:25:26","slug":"privacy-policy","status":"publish","type":"page","link":"https:\/\/cannabis-leitfaden.schule\/?page_id=3","title":{"rendered":"Datenschutz"},"content":{"rendered":"<div class=\"fusion-fullwidth fullwidth-box fusion-builder-row-1 fusion-flex-container has-pattern-background has-mask-background nonhundred-percent-fullwidth non-hundred-percent-height-scrolling\" style=\"--awb-border-radius-top-left:0px;--awb-border-radius-top-right:0px;--awb-border-radius-bottom-right:0px;--awb-border-radius-bottom-left:0px;--awb-margin-top:30px;--awb-flex-wrap:wrap;\" ><div class=\"fusion-builder-row fusion-row fusion-flex-align-items-flex-start fusion-flex-justify-content-center fusion-flex-content-wrap\" style=\"max-width:1456px;margin-left: calc(-4% \/ 2 );margin-right: calc(-4% \/ 2 );\"><div class=\"fusion-layout-column fusion_builder_column fusion-builder-column-0 fusion_builder_column_2_3 2_3 fusion-flex-column\" style=\"--awb-bg-size:cover;--awb-width-large:66.666666666667%;--awb-margin-top-large:0px;--awb-spacing-right-large:2.88%;--awb-margin-bottom-large:20px;--awb-spacing-left-large:2.88%;--awb-width-medium:66.666666666667%;--awb-order-medium:0;--awb-spacing-right-medium:2.88%;--awb-spacing-left-medium:2.88%;--awb-width-small:100%;--awb-order-small:0;--awb-spacing-right-small:1.92%;--awb-spacing-left-small:1.92%;\"><div class=\"fusion-column-wrapper fusion-column-has-shadow fusion-flex-justify-content-flex-start fusion-content-layout-column\"><div class=\"fusion-title title fusion-title-1 fusion-sep-none fusion-title-text fusion-title-size-two\" style=\"--awb-margin-top-small:10px;--awb-margin-right-small:0px;--awb-margin-bottom-small:10px;--awb-margin-left-small:0px;\"><h2 class=\"fusion-title-heading title-heading-left\" style=\"margin:0;\">Datenschutz<\/h2><\/div><div class=\"fusion-text fusion-text-1\"><h4 class=\"fusion-responsive-typography-calculated\" style=\"--fontsize: 36; line-height: 1.2;\" data-fontsize=\"36\" data-lineheight=\"43.2px\">Informationen \u00fcber die Verarbeitung personenbezogener Daten<\/h4>\n<p>Wir, FINDER e.V. (ANBIETER), nehmen den Schutz Ihrer pers\u00f6nlichen Daten sehr ernst und halten uns strikt an die Regeln der Datenschutzgesetze.<\/p>\n<p>Personenbezogene Daten werden auf dieser Webseite nur im technisch notwendigen Umfang erhoben. In keinem Fall werden die erhobenen Daten verkauft oder aus anderen Gr\u00fcnden an Dritte weitergegeben. Die nachfolgende Erkl\u00e4rung gibt Ihnen einen \u00dcberblick dar\u00fcber, wie wir diesen Schutz gew\u00e4hrleisten und welche Art von Daten zu welchem Zweck erhoben werden.<\/p>\n<h5 class=\"fusion-responsive-typography-calculated\" style=\"--fontsize: 36; line-height: 1.2;\" data-fontsize=\"36\" data-lineheight=\"43.2px\">Personenbezogene Daten<\/h5>\n<p>Personenbezogene Daten sind Einzelangaben \u00fcber pers\u00f6nliche und sachliche Verh\u00e4ltnisse einer bestimmten oder bestimmbaren nat\u00fcrlichen Person. Darunter fallen Informationen wie z.B. Ihr Name, Adresse, Postanschrift, Telefonnummer. Informationen, die nicht mit Ihrer Identit\u00e4t in Verbindung gebracht werden (wie zum Beispiel Anzahl der Nutzer der Website), fallen nicht darunter.<\/p>\n<h5 class=\"fusion-responsive-typography-calculated\" style=\"--fontsize: 36; line-height: 1.2;\" data-fontsize=\"36\" data-lineheight=\"43.2px\">Browsing-Verlauf<\/h5>\n<p>Wir m\u00f6chten Sie darauf hinweisen, dass die meisten Browser einen Verlauf der besuchten Seiten erstellen. Wenn Sie sich davor sch\u00fctzen wollen, dass andere Nutzer Ihres Endger\u00e4tes von Ihrem Besuch auf unserer Website erfahren, m\u00fcssen Sie Ihren Browserverlauf l\u00f6schen.<\/p>\n<h5 class=\"fusion-responsive-typography-calculated\" style=\"--fontsize: 36; line-height: 1.2;\" data-fontsize=\"36\" data-lineheight=\"43.2px\">Datenverarbeitung auf dieser Website<\/h5>\n<p>Der ANBIETER erhebt und speichert automatisch in ihren Server Log Files Informationen, die Ihr Browser an uns \u00fcbermittelt. Dies sind:<\/p>\n<p>* Browsertyp\/-version<br \/>\n* verwendetes Betriebssystem<br \/>\n* Referrer URL (die zuvor besuchte Seite)<br \/>\n* Anonymisierte IP-Adresse<br \/>\n* Uhrzeit der Serveranfrage.<\/p>\n<p>Diese Daten sind f\u00fcr den ANBIETER nicht bestimmten Personen zuordenbar. Eine Zusammenf\u00fchrung dieser Daten mit anderen Datenquellen wird nicht vorgenommen. Die Daten werden nach einem Tag gel\u00f6scht.<\/p>\n<h5 class=\"fusion-responsive-typography-calculated\" style=\"--fontsize: 36; line-height: 1.2;\" data-fontsize=\"36\" data-lineheight=\"43.2px\">Cookies<\/h5>\n<p>Die Internetseiten verwenden an mehreren Stellen so genannte Cookies. Sie dienen dazu, unser Angebot nutzerfreundlicher, effektiver und sicherer zu machen. Cookies sind kleine Textdateien, die auf Ihrem Rechner abgelegt werden und die Ihr Browser speichert. Alle von uns verwendeten Cookies sind so genannte &#8222;Session-Cookies&#8220;. Sie werden nach Ende Ihres Besuchs automatisch gel\u00f6scht. Cookies richten auf Ihrem Rechner keinen Schaden an und enthalten keine Viren.<\/p>\n<h5 class=\"fusion-responsive-typography-calculated\" style=\"--fontsize: 36; line-height: 1.2;\" data-fontsize=\"36\" data-lineheight=\"43.2px\">Ihre Rechte auf Auskunft, Berichtigung, L\u00f6schung oder Sperrung von Daten<\/h5>\n<p>Sie haben jederzeit das Recht, Auskunft, Berichtigung, L\u00f6schung oder Sperrung Ihrer Daten zu verlangen. Z\u00f6gern Sie dazu nicht, sich mit uns in Verbindung zu setzen: <a href=\"mailto:info@finder-akademie.de\">info@finder-akademie.de<\/a>.<\/p>\n<h5 class=\"fusion-responsive-typography-calculated\" style=\"--fontsize: 36; line-height: 1.2;\" data-fontsize=\"36\" data-lineheight=\"43.2px\">Recht auf Beschwerde bei der Aufsichtsbeh\u00f6rde<\/h5>\n<p>Sie haben das Recht, sich beim Berliner Beauftragten f\u00fcr Datenschutz und Informationsfreiheit zu beschweren. Sie k\u00f6nnen sich aber auch an jede andere Aufsichtsbeh\u00f6rde wenden, die f\u00fcr Sie zust\u00e4ndig ist.<\/p>\n<h5 class=\"fusion-responsive-typography-calculated\" style=\"--fontsize: 36; line-height: 1.2;\" data-fontsize=\"36\" data-lineheight=\"43.2px\">Schutz von Minderj\u00e4hrigen<\/h5>\n<p>Wir fordern keine personenbezogenen Daten von Kindern und Jugendlichen an, sammeln diese nicht und geben sie nicht an Dritte weiter.<\/p>\n<h5 class=\"fusion-responsive-typography-calculated\" style=\"--fontsize: 36; line-height: 1.2;\" data-fontsize=\"36\" data-lineheight=\"43.2px\">Links zu anderen Websites<\/h5>\n<p>Unser Online-Angebot enth\u00e4lt Links zu anderen Websites. Wir haben keinen Einfluss darauf, dass deren Betreiber die Datenschutzbestimmungen einhalten.<\/p>\n<h5 class=\"fusion-responsive-typography-calculated\" style=\"--fontsize: 36; line-height: 1.2;\" data-fontsize=\"36\" data-lineheight=\"43.2px\">\u00c4nderungen der Datenschutzerkl\u00e4rung<\/h5>\n<p>Die technische Entwicklung oder \u00c4nderungen der Rechtslage k\u00f6nnen eine Anpassung dieser Datenschutzerkl\u00e4rung erforderlich machen. Wir behalten uns daher vor, diese Datenschutzerkl\u00e4rung jederzeit unter Beachtung der geltenden datenschutzrechtlichen Bestimmungen zu \u00e4ndern. Wir empfehlen Ihnen daher, diese Erkl\u00e4rung in regelm\u00e4\u00dfigen Abst\u00e4nden erneut zu lesen.<\/p>\n<h5 class=\"fusion-responsive-typography-calculated\" style=\"--fontsize: 36; line-height: 1.2;\" data-fontsize=\"36\" data-lineheight=\"43.2px\">Verantwortlichkeit f\u00fcr die Datenverarbeitung<\/h5>\n<p>FINDER e.V.<br \/>\nSch\u00fctzenstra\u00dfe 6A<br \/>\n10117 Berlin<br \/>\nDeutschland<\/p>\n<p>Unseren Datenschutzbeauftragten k\u00f6nnen Sie erreichen unter:<\/p>\n<p><a href=\"mailto:info@finder-akademie.de\">info@finder-akademie.de<\/a><\/p>\n<h5 class=\"fusion-responsive-typography-calculated\" style=\"--fontsize: 36; line-height: 1.2;\" data-fontsize=\"36\" data-lineheight=\"43.2px\">Weiterf\u00fchrende Informationen<\/h5>\n<p>Ihr Vertrauen ist uns wichtig. Daher m\u00f6chten wir Ihnen jederzeit Rede und Antwort bez\u00fcglich der Verarbeitung Ihrer personenbezogenen Daten stehen. Wenn Sie Fragen haben, die Ihnen diese Datenschutzerkl\u00e4rung nicht beantworten konnte oder wenn Sie zu einem Punkt vertiefte Informationen w\u00fcnschen, wenden Sie sich bitte jederzeit an den Datenschutzbeauftragten unter <a href=\"mailto:info@finder-akademie.de\">info@finder-akademie.de<\/a>.<\/p>\n<p>Version 1.0<br \/>\nStand: 10.01.2025<\/p>\n<\/div><\/div><\/div><\/div><\/div>\n","protected":false},"excerpt":{"rendered":"","protected":false},"author":1,"featured_media":0,"parent":0,"menu_order":0,"comment_status":"closed","ping_status":"closed","template":"","meta":{"footnotes":""},"class_list":["post-3","page","type-page","status-publish","hentry"],"_links":{"self":[{"href":"https:\/\/cannabis-leitfaden.schule\/index.php?rest_route=\/wp\/v2\/pages\/3","targetHints":{"allow":["GET"]}}],"collection":[{"href":"https:\/\/cannabis-leitfaden.schule\/index.php?rest_route=\/wp\/v2\/pages"}],"about":[{"href":"https:\/\/cannabis-leitfaden.schule\/index.php?rest_route=\/wp\/v2\/types\/page"}],"author":[{"embeddable":true,"href":"https:\/\/cannabis-leitfaden.schule\/index.php?rest_route=\/wp\/v2\/users\/1"}],"replies":[{"embeddable":true,"href":"https:\/\/cannabis-leitfaden.schule\/index.php?rest_route=%2Fwp%2Fv2%2Fcomments&post=3"}],"version-history":[{"count":5,"href":"https:\/\/cannabis-leitfaden.schule\/index.php?rest_route=\/wp\/v2\/pages\/3\/revisions"}],"predecessor-version":[{"id":764,"href":"https:\/\/cannabis-leitfaden.schule\/index.php?rest_route=\/wp\/v2\/pages\/3\/revisions\/764"}],"wp:attachment":[{"href":"https:\/\/cannabis-leitfaden.schule\/index.php?rest_route=%2Fwp%2Fv2%2Fmedia&parent=3"}],"curies":[{"name":"wp","href":"https:\/\/api.w.org\/{rel}","templated":true}]}}