{"id":424,"date":"2025-01-07T18:10:09","date_gmt":"2025-01-07T17:10:09","guid":{"rendered":"https:\/\/finder-akademie.de\/cannabis-schule-praevention\/?page_id=424"},"modified":"2025-01-28T13:57:33","modified_gmt":"2025-01-28T12:57:33","slug":"4-auswertung","status":"publish","type":"page","link":"https:\/\/cannabis-leitfaden.schule\/?page_id=424","title":{"rendered":"4. Auswertung"},"content":{"rendered":"<div class=\"fusion-fullwidth fullwidth-box fusion-builder-row-1 fusion-flex-container has-pattern-background has-mask-background nonhundred-percent-fullwidth non-hundred-percent-height-scrolling\" style=\"--awb-border-radius-top-left:0px;--awb-border-radius-top-right:0px;--awb-border-radius-bottom-right:0px;--awb-border-radius-bottom-left:0px;--awb-flex-wrap:wrap;\" ><div class=\"fusion-builder-row fusion-row fusion-flex-align-items-flex-start fusion-flex-justify-content-center fusion-flex-content-wrap\" style=\"max-width:1456px;margin-left: calc(-4% \/ 2 );margin-right: calc(-4% \/ 2 );\"><div class=\"fusion-layout-column fusion_builder_column fusion-builder-column-0 fusion_builder_column_2_3 2_3 fusion-flex-column fusion-flex-align-self-flex-end\" style=\"--awb-bg-size:cover;--awb-width-large:66.666666666667%;--awb-margin-top-large:0px;--awb-spacing-right-large:2.88%;--awb-margin-bottom-large:20px;--awb-spacing-left-large:2.88%;--awb-width-medium:100%;--awb-order-medium:0;--awb-spacing-right-medium:1.92%;--awb-spacing-left-medium:1.92%;--awb-width-small:100%;--awb-order-small:0;--awb-spacing-right-small:1.92%;--awb-spacing-left-small:1.92%;\"><div class=\"fusion-column-wrapper fusion-column-has-shadow fusion-flex-justify-content-flex-start fusion-content-layout-column\"><div class=\"fusion-title title fusion-title-1 fusion-sep-none fusion-title-text fusion-title-size-two\" style=\"--awb-margin-top-small:10px;--awb-margin-right-small:0px;--awb-margin-bottom-small:10px;--awb-margin-left-small:0px;\" id=\"leitfaden-headline\"><h2 class=\"fusion-title-heading title-heading-left\" style=\"margin:0;\">Schritt 4: Auswertung<\/h2><\/div><div class=\"fusion-text fusion-text-1 fusion-text-no-margin\" style=\"--awb-margin-bottom:0px;\" id=\"einleitung\"><p>Die systematische Auswertung Ihrer Pr\u00e4ventionsarbeit dient nicht der Kontrolle, sondern der Weiterentwicklung. Bei der Einf\u00fchrung <a href=\"\/?page_id=421#programme\">gepr\u00fcfter Programme<\/a><a href=\"\/?page_id=421#programme\"> <\/a>steht dabei nicht die wissenschaftliche Wirksamkeit im Fokus &#8211; diese ist bereits nachgewiesen. Vielmehr geht es darum, die Umsetzung im Schulalltag zu reflektieren, Erfahrungen zu dokumentieren und das weitere Vorgehen zu planen. Diese praxisorientierte Auswertung hilft Ihnen, Erfolge sichtbar zu machen und das Pr\u00e4ventionskonzept Ihrer Schule gezielt weiterzuentwickeln.<\/p>\n<\/div><div class=\"fusion-text fusion-text-2\" style=\"--awb-margin-top:20px;\"><p><span style=\"color: var(--h4_typography-color); font-family: var(--h4_typography-font-family); font-size: var(--h4_typography-font-size); font-style: var(--h4_typography-font-style,normal); font-weight: var(--h4_typography-font-weight); letter-spacing: var(--h4_typography-letter-spacing); text-transform: var(--h4_typography-text-transform); text-align: var(--awb-content-alignment); background-color: var(--awb-bg-color-hover);\">Das Wichtigste vorab<\/span><\/p>\n<ul>\n<li><span style=\"color: var(--awb-text-color); font-family: var(--awb-text-font-family); font-size: var(--awb-font-size); font-style: var(--awb-text-font-style); font-weight: var(--awb-text-font-weight); letter-spacing: var(--awb-letter-spacing); text-transform: var(--awb-text-transform); background-color: var(--awb-bg-color); text-align: var(--awb-content-alignment);\">Nehmen Sie sich Zeit f\u00fcr eine ehrliche Zwisc<\/span><span style=\"color: var(--awb-text-color); font-family: var(--awb-text-font-family); font-size: var(--awb-font-size); font-style: var(--awb-text-font-style); font-weight: var(--awb-text-font-weight); letter-spacing: var(--awb-letter-spacing); text-transform: var(--awb-text-transform); background-color: var(--awb-bg-color); text-align: var(--awb-content-alignment);\">henbilanz<\/span><\/li>\n<li><span style=\"color: var(--awb-text-color); font-family: var(--awb-text-font-family); font-size: var(--awb-font-size); font-style: var(--awb-text-font-style); font-weight: var(--awb-text-font-weight); letter-spacing: var(--awb-letter-spacing); text-transform: var(--awb-text-transform); background-color: var(--awb-bg-color); text-align: var(--awb-content-alignment);\">Sammeln Sie verschiedene Perspektiven (Kollegium, Sch\u00fclerschaft, Eltern)<\/span><\/li>\n<li><span style=\"color: var(--awb-text-color); font-family: var(--awb-text-font-family); font-size: var(--awb-font-size); font-style: var(--awb-text-font-style); font-weight: var(--awb-text-font-weight); letter-spacing: var(--awb-letter-spacing); text-transform: var(--awb-text-transform); background-color: var(--awb-bg-color); text-align: var(--awb-content-alignment);\">Dokumentieren Sie Ihre Erfahrungen f\u00fcr die weitere Planung<\/span><\/li>\n<li><span style=\"color: var(--awb-text-color); font-family: var(--awb-text-font-family); font-size: var(--awb-font-size); font-style: var(--awb-text-font-style); font-weight: var(--awb-text-font-weight); letter-spacing: var(--awb-letter-spacing); text-transform: var(--awb-text-transform); background-color: var(--awb-bg-color); text-align: var(--awb-content-alignment);\">Unterscheiden Sie zwischen Anlaufschwierigkeiten und echten Problemen<\/span><\/li>\n<\/ul>\n<h4><span style=\"background-color: var(--awb-bg-color-hover); color: var(--awb-text-color); font-family: var(--awb-text-font-family); font-size: var(--awb-font-size); font-style: var(--awb-text-font-style); font-weight: var(--awb-text-font-weight); letter-spacing: var(--awb-letter-spacing); text-align: var(--awb-content-alignment); text-transform: var(--awb-text-transform);\">Begleitende Prozessauswertung<\/span><\/h4>\n<div><\/div>\n<\/div><div class=\"accordian fusion-accordian\" style=\"margin-bottom:40px;--awb-margin-bottom:40px;--awb-border-size:1px;--awb-icon-size:20px;--awb-content-font-size:var(--awb-typography4-font-size);--awb-icon-alignment:right;--awb-hover-color:var(--awb-color2);--awb-border-color:var(--awb-color3);--awb-background-color:var(--awb-color2);--awb-divider-color:var(--awb-color3);--awb-divider-hover-color:var(--awb-color3);--awb-icon-color:var(--awb-color4);--awb-title-color:var(--awb-color8);--awb-content-color:var(--awb-color8);--awb-icon-box-color:var(--awb-color8);--awb-toggle-hover-accent-color:var(--awb-color5);--awb-title-font-family:var(--awb-typography1-font-family);--awb-title-font-weight:var(--awb-typography1-font-weight);--awb-title-font-style:var(--awb-typography1-font-style);--awb-title-font-size:16px;--awb-content-font-family:var(--awb-typography4-font-family);--awb-content-font-weight:var(--awb-typography4-font-weight);--awb-content-font-style:var(--awb-typography4-font-style);\"><div class=\"panel-group fusion-toggle-icon-right fusion-toggle-icon-unboxed\" id=\"accordion-424-1\"><div class=\"fusion-panel panel-default panel-8eb39846fcc8e4f4d fusion-toggle-no-divider fusion-toggle-boxed-mode\"><div class=\"panel-heading\"><h4 class=\"panel-title toggle\" id=\"toggle_8eb39846fcc8e4f4d\"><a aria-expanded=\"false\" aria-controls=\"8eb39846fcc8e4f4d\" role=\"button\" data-toggle=\"collapse\" data-target=\"#8eb39846fcc8e4f4d\" href=\"#8eb39846fcc8e4f4d\"><span class=\"fusion-toggle-icon-wrapper\" aria-hidden=\"true\"><i class=\"fa-fusion-box active-icon fa-angle-up fas\" aria-hidden=\"true\"><\/i><i class=\"fa-fusion-box inactive-icon fa-angle-down fas\" aria-hidden=\"true\"><\/i><\/span><span class=\"fusion-toggle-heading\">Im Alltag beobachten<\/span><\/a><\/h4><\/div><div id=\"8eb39846fcc8e4f4d\" class=\"panel-collapse collapse \" aria-labelledby=\"toggle_8eb39846fcc8e4f4d\"><div class=\"panel-body toggle-content fusion-clearfix\">\n<ul>\n<li>Erreicht das Programm unsere Sch\u00fclerinnen und Sch\u00fcler?<\/li>\n<li>L\u00e4sst es sich gut in den Schulalltag integrieren?<\/li>\n<li>Wo gibt es praktische Schwierigkeiten?<\/li>\n<li>Was l\u00e4uft bereits richtig gut?<\/li>\n<\/ul>\n<\/div><\/div><\/div><div class=\"fusion-panel panel-default panel-fc9892e4bf2c5aeb3 fusion-toggle-no-divider fusion-toggle-boxed-mode\"><div class=\"panel-heading\"><h4 class=\"panel-title toggle\" id=\"toggle_fc9892e4bf2c5aeb3\"><a aria-expanded=\"false\" aria-controls=\"fc9892e4bf2c5aeb3\" role=\"button\" data-toggle=\"collapse\" data-target=\"#fc9892e4bf2c5aeb3\" href=\"#fc9892e4bf2c5aeb3\"><span class=\"fusion-toggle-icon-wrapper\" aria-hidden=\"true\"><i class=\"fa-fusion-box active-icon fa-angle-up fas\" aria-hidden=\"true\"><\/i><i class=\"fa-fusion-box inactive-icon fa-angle-down fas\" aria-hidden=\"true\"><\/i><\/span><span class=\"fusion-toggle-heading\">Im Team besprechen<\/span><\/a><\/h4><\/div><div id=\"fc9892e4bf2c5aeb3\" class=\"panel-collapse collapse \" aria-labelledby=\"toggle_fc9892e4bf2c5aeb3\"><div class=\"panel-body toggle-content fusion-clearfix\">\n<ul>\n<li>\n<p style=\"color: var(--awb-content-color); font-family: var(--awb-content-font-family); font-size: var(--awb-content-font-size); font-style: var(--awb-content-font-style); font-weight: var(--awb-content-font-weight); letter-spacing: var(--awb-content-letter-spacing); text-transform: var(--awb-content-text-transform); background-color: var(--awb-background-color); display: inline !important;\">Reichen Zeit und Ressourcen aus?<\/p>\n<\/li>\n<li><span style=\"background-color: var(--awb-background-color); color: var(--awb-content-color); font-family: var(--awb-content-font-family); font-size: var(--awb-content-font-size); font-style: var(--awb-content-font-style); font-weight: var(--awb-content-font-weight); letter-spacing: var(--awb-content-letter-spacing); text-transform: var(--awb-content-text-transform);\">Braucht es weitere Unterst\u00fctzung oder Fortbildung?<\/span><\/li>\n<li><span style=\"background-color: var(--awb-background-color); color: var(--awb-content-color); font-family: var(--awb-content-font-family); font-size: var(--awb-content-font-size); font-style: var(--awb-content-font-style); font-weight: var(--awb-content-font-weight); letter-spacing: var(--awb-content-letter-spacing); text-transform: var(--awb-content-text-transform);\">Was sagt das beteiligte Kollegium?<\/span><\/li>\n<li>Welche R\u00fcckmeldungen gibt es von der Sch\u00fclerschaft und der Elternschaft?<\/li>\n<li>\n<p style=\"color: var(--awb-content-color); font-family: var(--awb-content-font-family); font-size: var(--awb-content-font-size); font-style: var(--awb-content-font-style); font-weight: var(--awb-content-font-weight); letter-spacing: var(--awb-content-letter-spacing); text-transform: var(--awb-content-text-transform); background-color: var(--awb-background-color); display: inline !important;\">Was k\u00f6nnen wir selbst verbessern?<\/p>\n<\/li>\n<li>Lohnt sich der Aufwand?<\/li>\n<li>Gibt es vielleicht bessere Alternativen?<\/li>\n<li><span style=\"background-color: var(--awb-hover-color); color: var(--awb-content-color); font-family: var(--awb-content-font-family); font-size: var(--awb-content-font-size); font-style: var(--awb-content-font-style); font-weight: var(--awb-content-font-weight); letter-spacing: var(--awb-content-letter-spacing); text-transform: var(--awb-content-text-transform);\">Wo brauchen wir Unterst\u00fctzung?<\/span><\/li>\n<\/ul>\n<div><\/div>\n<\/div><\/div><\/div><\/div><\/div><div class=\"fusion-title title fusion-title-2 fusion-sep-none fusion-title-text fusion-title-size-four\" style=\"--awb-margin-top-small:10px;--awb-margin-right-small:0px;--awb-margin-bottom-small:10px;--awb-margin-left-small:0px;\"><h4 class=\"fusion-title-heading title-heading-left\" style=\"margin:0;\">Bilanz ziehen<\/h4><\/div><div class=\"accordian fusion-accordian\" style=\"margin-bottom:40px;--awb-margin-bottom:40px;--awb-border-size:1px;--awb-icon-size:20px;--awb-content-font-size:var(--awb-typography4-font-size);--awb-icon-alignment:right;--awb-hover-color:var(--awb-color2);--awb-border-color:var(--awb-color3);--awb-background-color:var(--awb-color2);--awb-divider-color:var(--awb-color3);--awb-divider-hover-color:var(--awb-color3);--awb-icon-color:var(--awb-color4);--awb-title-color:var(--awb-color8);--awb-content-color:var(--awb-color8);--awb-icon-box-color:var(--awb-color8);--awb-toggle-hover-accent-color:var(--awb-color5);--awb-title-font-family:var(--awb-typography1-font-family);--awb-title-font-weight:var(--awb-typography1-font-weight);--awb-title-font-style:var(--awb-typography1-font-style);--awb-title-font-size:16px;--awb-content-font-family:var(--awb-typography4-font-family);--awb-content-font-weight:var(--awb-typography4-font-weight);--awb-content-font-style:var(--awb-typography4-font-style);\"><div class=\"panel-group fusion-toggle-icon-right fusion-toggle-icon-unboxed\" id=\"accordion-424-2\"><div class=\"fusion-panel panel-default panel-3151e74aeae4d53ac fusion-toggle-no-divider fusion-toggle-boxed-mode\"><div class=\"panel-heading\"><h4 class=\"panel-title toggle\" id=\"toggle_3151e74aeae4d53ac\"><a aria-expanded=\"false\" aria-controls=\"3151e74aeae4d53ac\" role=\"button\" data-toggle=\"collapse\" data-target=\"#3151e74aeae4d53ac\" href=\"#3151e74aeae4d53ac\"><span class=\"fusion-toggle-icon-wrapper\" aria-hidden=\"true\"><i class=\"fa-fusion-box active-icon fa-angle-up fas\" aria-hidden=\"true\"><\/i><i class=\"fa-fusion-box inactive-icon fa-angle-down fas\" aria-hidden=\"true\"><\/i><\/span><span class=\"fusion-toggle-heading\">Erfahrungen festhalten<\/span><\/a><\/h4><\/div><div id=\"3151e74aeae4d53ac\" class=\"panel-collapse collapse \" aria-labelledby=\"toggle_3151e74aeae4d53ac\"><div class=\"panel-body toggle-content fusion-clearfix\">\n<ul>\n<li>Was haben wir konkret umgesetzt?<\/li>\n<li>Welche Anpassungen waren n\u00f6tig?<\/li>\n<li>Was hat sich besonders bew\u00e4hrt?<\/li>\n<li>Was sollte anders laufen?<\/li>\n<\/ul>\n<\/div><\/div><\/div><div class=\"fusion-panel panel-default panel-e9c673e616d727d8c fusion-toggle-no-divider fusion-toggle-boxed-mode\"><div class=\"panel-heading\"><h4 class=\"panel-title toggle\" id=\"toggle_e9c673e616d727d8c\"><a aria-expanded=\"false\" aria-controls=\"e9c673e616d727d8c\" role=\"button\" data-toggle=\"collapse\" data-target=\"#e9c673e616d727d8c\" href=\"#e9c673e616d727d8c\"><span class=\"fusion-toggle-icon-wrapper\" aria-hidden=\"true\"><i class=\"fa-fusion-box active-icon fa-angle-up fas\" aria-hidden=\"true\"><\/i><i class=\"fa-fusion-box inactive-icon fa-angle-down fas\" aria-hidden=\"true\"><\/i><\/span><span class=\"fusion-toggle-heading\">N\u00e4chste Schritte planen<\/span><\/a><\/h4><\/div><div id=\"e9c673e616d727d8c\" class=\"panel-collapse collapse \" aria-labelledby=\"toggle_e9c673e616d727d8c\"><div class=\"panel-body toggle-content fusion-clearfix\">\n<ul>\n<li>Bew\u00e4hrtes beibehalten und ausbauen<\/li>\n<li>Konkrete Verbesserungen vereinbaren<\/li>\n<li>Unterst\u00fctzungsbedarf kl\u00e4ren<\/li>\n<li>Ressourcen f\u00fcr die Fortsetzung sichern<\/li>\n<\/ul>\n<\/div><\/div><\/div><\/div><\/div><div class=\"fusion-alert alert custom alert-custom fusion-alert-left awb-alert-native-link-color\" style=\"--awb-background-color:var(--awb-color4);--awb-accent-color:var(--awb-color1);--awb-border-size:1px;--awb-border-top-left-radius:15px;--awb-border-top-right-radius:15px;--awb-border-bottom-left-radius:15px;--awb-border-bottom-right-radius:15px;\" role=\"alert\"><div class=\"fusion-alert-content-wrapper\"><span class=\"alert-icon\"><i class=\"fa-info-circle fas\" aria-hidden=\"true\"><\/i><\/span><span class=\"fusion-alert-content\"><strong>Tipp:<\/strong> Die Fachstellen f\u00fcr Suchtpr\u00e4vention und Programmanbieter unterst\u00fctzen Sie bei der Auswertung und Weiterentwicklung Ihrer Pr\u00e4ventionsarbeit.<\/span><\/div><\/div><div id=\"leitfaden-widget\" class=\"leitfaden-widget\">\n    <div class=\"row\">\n        <div class=\"col-xs-12\">\n            <a href=\"\/?page_id=229\" class=\"leitfaden-widget-closer\" title=\"Leitfaden\">\n                <h6>Leitfaden<\/h6>\n            <\/a>\n        <\/div>\n    <\/div>\n<div class=\"bg\">    \n<div class=\"row\">\n        <div class=\"col-xs-6\">\n            <a href=\"\/?page_id=415\" class=\"\">\n                <div class=\"\">\n                    <div class=\"step-label\">Analyse<\/div>\n                    <span class=\"icon-wrapper icon-step icon-step-bottom-curved\">\n                        <i class=\"fas fa-chart-bar\"><\/i>\n                    <\/span>\n                <\/div>\n            <\/a>\n        <\/div>        \n        <div class=\"col-xs-6\">\n            <a href=\"\/?page_id=421\" class=\"\">\n                <div class=\"\">\n                    <div class=\"step-label\">Planung<\/div>\n                    <span class=\"icon-wrapper icon-step icon-step-left-curved\">\n                        <i class=\"fas fa-sliders-h\"><\/i>\n                    <\/span>\n                <\/div>\n            <\/a>\n        <\/div>\n    <\/div>\n    <div class=\"row\">\n<div class=\"col-xs-6\">\n            <a href=\"\/?page_id=424\" class=\"\">\n                <div class=\"\">\n                    <div class=\"step-label\">Auswertung<\/div>\n                    <span class=\"icon-wrapper icon-step icon-step-right-curved\">\n                        <i class=\"fas fa-check\"><\/i>\n                    <\/span>\n                <\/div>\n            <\/a>\n        <\/div>\n      <div class=\"col-xs-6\">\n            <a href=\"\/?page_id=485\" class=\"\">\n                <div class=\"\">\n                    <div class=\"step-label\">Umsetzung<\/div>\n                    <span class=\"icon-wrapper icon-step icon-step-top-curved\">\n                        <i class=\"fas fa-paper-plane\"><\/i>\n                    <\/span>\n                <\/div>\n            <\/a>\n        <\/div>\n    <\/div>\n<\/div>\n<\/div>\n<\/div><\/div><\/div><\/div>\n","protected":false},"excerpt":{"rendered":"","protected":false},"author":1,"featured_media":0,"parent":229,"menu_order":0,"comment_status":"closed","ping_status":"closed","template":"100-width.php","meta":{"footnotes":""},"class_list":["post-424","page","type-page","status-publish","hentry"],"_links":{"self":[{"href":"https:\/\/cannabis-leitfaden.schule\/index.php?rest_route=\/wp\/v2\/pages\/424","targetHints":{"allow":["GET"]}}],"collection":[{"href":"https:\/\/cannabis-leitfaden.schule\/index.php?rest_route=\/wp\/v2\/pages"}],"about":[{"href":"https:\/\/cannabis-leitfaden.schule\/index.php?rest_route=\/wp\/v2\/types\/page"}],"author":[{"embeddable":true,"href":"https:\/\/cannabis-leitfaden.schule\/index.php?rest_route=\/wp\/v2\/users\/1"}],"replies":[{"embeddable":true,"href":"https:\/\/cannabis-leitfaden.schule\/index.php?rest_route=%2Fwp%2Fv2%2Fcomments&post=424"}],"version-history":[{"count":31,"href":"https:\/\/cannabis-leitfaden.schule\/index.php?rest_route=\/wp\/v2\/pages\/424\/revisions"}],"predecessor-version":[{"id":831,"href":"https:\/\/cannabis-leitfaden.schule\/index.php?rest_route=\/wp\/v2\/pages\/424\/revisions\/831"}],"up":[{"embeddable":true,"href":"https:\/\/cannabis-leitfaden.schule\/index.php?rest_route=\/wp\/v2\/pages\/229"}],"wp:attachment":[{"href":"https:\/\/cannabis-leitfaden.schule\/index.php?rest_route=%2Fwp%2Fv2%2Fmedia&parent=424"}],"curies":[{"name":"wp","href":"https:\/\/api.w.org\/{rel}","templated":true}]}}